{"id":74,"date":"2017-04-26T14:24:28","date_gmt":"2017-04-26T14:24:28","guid":{"rendered":"https:\/\/anfratec.de\/?page_id=74"},"modified":"2022-01-31T13:29:34","modified_gmt":"2022-01-31T13:29:34","slug":"service","status":"publish","type":"page","link":"https:\/\/anfratec.de\/?page_id=74","title":{"rendered":"Service"},"content":{"rendered":"<h2 style=\"text-align: center;\">Serviceleistungen und Beratung im Mittelpunkt &#8230;<\/h2>\n<p><img loading=\"lazy\" decoding=\"async\" class=\"wp-image-137 aligncenter\" src=\"https:\/\/anfratec.de\/wp-content\/uploads\/2018\/09\/anfra33-300x204.jpg\" alt=\"\" width=\"362\" height=\"246\" srcset=\"https:\/\/anfratec.de\/wp-content\/uploads\/2018\/09\/anfra33-300x204.jpg 300w, https:\/\/anfratec.de\/wp-content\/uploads\/2018\/09\/anfra33.jpg 367w\" sizes=\"auto, (max-width: 362px) 100vw, 362px\" \/><\/p>\n<p>Bereits kurze Zeit nach Gr\u00fcndung unseres Unternehmens in Schmalkalden war abzusehen, dass der Bedarf an Serviceleistungen f\u00fcr Computer-Peripherie im privaten und industriellen Sektor weiterhin zunimmt. Eine Ursache daf\u00fcr ist in der st\u00fcrmischen Entwicklung der Standard-Software und den damit verbundenen Anforderungen an die Hardware der Computerhersteller zu sehen. Dementsprechend ist die fachliche Kompetenz im Bereich der Service- und Dienstleistungen f\u00fcr anwenderspezifische PC-L\u00f6sungen mehr denn je gefragt. Hier werden dem Kunden, auf einer Fl\u00e4che von ca. 100 m\u00b2, umfangreiche M\u00f6glichkeiten bei Reparaturen, Um- und Aufr\u00fcstung und bei der fachlichen Beratung rund um den PC geboten. Interessierte Kunden haben auch die M\u00f6glichkeit selbstst\u00e4ndig ihren PC unter fachlicher Beratung Um- bzw. Aufzur\u00fcsten.<\/p>\n<p><img loading=\"lazy\" decoding=\"async\" class=\"wp-image-144 alignright\" src=\"https:\/\/anfratec.de\/wp-content\/uploads\/2018\/09\/claim-300x59.png\" alt=\"\" width=\"346\" height=\"68\" srcset=\"https:\/\/anfratec.de\/wp-content\/uploads\/2018\/09\/claim-300x59.png 300w, https:\/\/anfratec.de\/wp-content\/uploads\/2018\/09\/claim.png 502w\" sizes=\"auto, (max-width: 346px) 100vw, 346px\" \/><\/p>\n","protected":false},"excerpt":{"rendered":"<p>Serviceleistungen und Beratung im Mittelpunkt &#8230; Bereits kurze Zeit nach Gr\u00fcndung unseres Unternehmens in Schmalkalden war abzusehen, dass der Bedarf an Serviceleistungen f\u00fcr Computer-Peripherie im privaten und industriellen Sektor weiterhin zunimmt. Eine Ursache daf\u00fcr ist in der st\u00fcrmischen Entwicklung der Standard-Software und den damit verbundenen Anforderungen an die Hardware der Computerhersteller zu sehen. Dementsprechend ist [&hellip;]<\/p>\n","protected":false},"author":1,"featured_media":0,"parent":0,"menu_order":0,"comment_status":"closed","ping_status":"closed","template":"","meta":{"footnotes":""},"class_list":["post-74","page","type-page","status-publish","hentry"],"_links":{"self":[{"href":"https:\/\/anfratec.de\/index.php?rest_route=\/wp\/v2\/pages\/74","targetHints":{"allow":["GET"]}}],"collection":[{"href":"https:\/\/anfratec.de\/index.php?rest_route=\/wp\/v2\/pages"}],"about":[{"href":"https:\/\/anfratec.de\/index.php?rest_route=\/wp\/v2\/types\/page"}],"author":[{"embeddable":true,"href":"https:\/\/anfratec.de\/index.php?rest_route=\/wp\/v2\/users\/1"}],"replies":[{"embeddable":true,"href":"https:\/\/anfratec.de\/index.php?rest_route=%2Fwp%2Fv2%2Fcomments&post=74"}],"version-history":[{"count":8,"href":"https:\/\/anfratec.de\/index.php?rest_route=\/wp\/v2\/pages\/74\/revisions"}],"predecessor-version":[{"id":414,"href":"https:\/\/anfratec.de\/index.php?rest_route=\/wp\/v2\/pages\/74\/revisions\/414"}],"wp:attachment":[{"href":"https:\/\/anfratec.de\/index.php?rest_route=%2Fwp%2Fv2%2Fmedia&parent=74"}],"curies":[{"name":"wp","href":"https:\/\/api.w.org\/{rel}","templated":true}]}}