{"id":50,"date":"2017-04-26T12:33:18","date_gmt":"2017-04-26T12:33:18","guid":{"rendered":"https:\/\/anfratec.de\/?page_id=50"},"modified":"2024-02-19T10:35:15","modified_gmt":"2024-02-19T10:35:15","slug":"agb","status":"publish","type":"page","link":"https:\/\/anfratec.de\/?page_id=50","title":{"rendered":"AGB"},"content":{"rendered":"<p><strong>Allgemeine Gesch\u00e4ftsbedingungen der ANFRATEC Hard- und Software Vertriebs GmbH i.L.<\/strong><\/p>\n<p><strong>\u00a01. Geltungsbereich<\/strong><\/p>\n<p>Diese Gesch\u00e4ftsbedingungen gelten f\u00fcr alle K\u00e4ufe die bei der Firma ANFRATEC Hard- und Software Vertriebs GmbH und in ihrem Onlineshop get\u00e4tigt werden. Abweichende Bedingungen des Kunden von unseren Gesch\u00e4ftsbedingungen erkennen wir nicht an, auch wenn wir diesen Bedingungen nicht ausdr\u00fccklich widersprechen.<\/p>\n<p><strong> 2. Angebote, Zustandekommen des Vertrages<\/strong><\/p>\n<p>Alle von uns erstellten Angebote sind freibleibend. Mit der Bestellung der Ware auf elektronischem Wege, werden wir den Zugang der Bestellung dem Kunden unverz\u00fcglich best\u00e4tigen. Die Zugangsbest\u00e4tigung stellt dabei noch keine verbindliche Annahme der Bestellung dar. Ein Vertragsabschluss erfolgt erst mit einer entsprechenden Auftragsbest\u00e4tigung bzw. mit der Auslieferung der Ware. Unserer Angebote richten sich, sofern nicht ausdr\u00fccklich etwas anderes vereinbart ist, ausschlie\u00dflich an Kunden mit einem Wohnsitz in der Bundesrepublik Deutschland. Alle Preisangaben beinhalten die gesetzliche Mehrwertsteuer, Liefer- und Versandkosten fallen zus\u00e4tzlich an, die im Rahmen der entsprechenden, konkreten Angebote gesondert ausgewiesen werden.<\/p>\n<p><strong> 3. Lieferfristen, H\u00f6here Gewalt, R\u00fccktritt<\/strong><\/p>\n<p>Lieferfristen und Termine sind nur dann verbindlich, wenn sie durch uns, die Firma ANFRATEC Hard- und Software Vertriebs GmbH Schmalkalden, ausdr\u00fccklich und schriftlich und auch dem Kunden gegen\u00fcber als verbindlich gekennzeichnet sind. Im Falle h\u00f6herer Gewalt und sonstiger unvorhersehbarer, au\u00dfer-gew\u00f6hnlicher und unverschuldeter Umst\u00e4nde, z.B. Betriebsst\u00f6rungen durch Feuer, Wasser und \u00e4hnliche Umst\u00e4nde, Ausfall von Produktionsanlagen und Maschinen, Streik und Aussperrung, Mangel an Material, Energie, Transportm\u00f6glichkeiten verl\u00e4ngert sich die Lieferzeit um eine angemessene Zeit, wenn wir an der rechtzeitigen Erf\u00fcllung unserer Lieferverpflichtungen durch diese Umst\u00e4nde gehindert werden. F\u00fcr den Fall der Leistungsverhinderung von mehr als einem Monat sind sowohl wir als auch der\u00a0\u00a0 Kunde berechtigt, bez\u00fcglich der in Verzug befindlichen Lieferung, vom Vertrag zur\u00fcckzutreten. Bei Nichteinhaltung eines Liefertermins aus anderen als den unter <strong>Punkt 3.<\/strong> genannten Gr\u00fcnden, kann der Kunde vom Vertrag zur\u00fcck treten. Das R\u00fccktrittsrecht des Kunden setzt voraus, dass er uns schriftlich eine angemessene Nachlieferfrist von mindestens 2 Wochen gesetzt hat. Sollte danach der Kunde vom Vertrag zur\u00fcck treten, werden bereits vom Kunden gezahlte Betr\u00e4ge von uns uverz\u00fcglich erstattet.<\/p>\n<p><strong> 4. Transport, Gefahren\u00fcbergang, Annahmeverzug <\/strong><\/p>\n<p>Bei Lieferungen an Unternehmer erfolgt der Gefahren\u00fcbergang an den Kunden mit der \u00dcbergabe der Ware an das Transportunternehmen. Dies gilt auch dann, wenn Teillieferungen erfolgen oder wir zus\u00e4tzliche Leistungen, wie Transportkosten oder Anlieferungen, \u00fcbernommen haben. Bei Lieferungen an Privatpersonen geht die Gefahr des zuf\u00e4lligen Untergangs und der zuf\u00e4lligen Verschlechterung erst mit der \u00dcbergabe der Ware auf den Kunden \u00fcber.Der \u00dcbergabe steht es gleich, auch wenn der Kunde im Verzug der Annahme ist. Befindet sich der Kunde im Annahmeverzug, sind wir berechtigt, nach Ablauf einer Nachfrist von 14 Tagen, die Erf\u00fcllung des Vertrages abzulehnen und Schadensersatz zu verlangen. Transportversicherungen werden wir nur auf besondere schriftliche Anweisung des Kunden und auf seine Rechnung abschlie\u00dfen.<\/p>\n<p><strong> 5. Zahlung, Zahlungsverzug, Zur\u00fcckbehaltungsrechte <\/strong><\/p>\n<p>Die Bezahlung der Waren ist wahlweise in bar bei Abholung, per Vorkasse, per Sofort\u00fcberweisung oder per PayPal m\u00f6glich. Wir behalten uns das Recht vor, im Einzelfall bestimmte Zahlungsarten auszuschlie\u00dfen. Bei Bezahlung per Vorkasse hat der Kunde den vollen Rechnungsbetrag unter Angabe des Verwendungszwecks innerhalb von 7 Tagen nach Bestelleingang auf unser Konto zu \u00fcberweisen. Unabh\u00e4ngig von der gew\u00e4hlten Zahlungsart erh\u00e4lt der Kunde zusammen mit der Lieferung eine Rechnung.Eine Aufrechnung des K\u00e4ufers ist nur mit unbestrittenen oder rechtskr\u00e4ftig festgestellten Gegenforderungen zul\u00e4ssig. Die Zur\u00fcckhaltung von Zahlungen durch den K\u00e4ufer wegen Gegenanspr\u00fcchen aus anderen Vertragsverh\u00e4ltnissen ist ausgeschlossen.<\/p>\n<p><strong> 6. Eigentumsvorbehalt<br \/>\n<\/strong><\/p>\n<p>Die gelieferte Ware bleibt bis zu Bezahlung aller Forderungen aus der Gesch\u00e4ftsverbindung mit dem K\u00e4ufer Eigentum des Verk\u00e4ufers. Sie darf nur im ordnungsgem\u00e4\u00dfen Gesch\u00e4ftsgang, entweder gegen Barzahlung oder unter Weitergabe des Eigentumsvorbehaltes ver\u00e4u\u00dfert werden. Ist der K\u00e4ufer eine juristische Person des \u00f6ffentlichen Rechts, ein \u00f6ffentlich rechtliches Sonderverm\u00f6gen oder Kaufmann, bei dem der Vertrag zum Betriebe seines Handelsgewerbes geh\u00f6rt, gilt der Eigentumsvorbehalt auch f\u00fcr alle Forderungen, die der Verk\u00e4ufer aus laufenden Gesch\u00e4ftsbeziehungen gegen\u00fcber dem K\u00e4ufer hat. Hat der K\u00e4ufer auf vom Verk\u00e4ufer gelieferten, noch in dessen Eigentum stehenden Datentr\u00e4gern Daten aufgenommen, so bleibt das Eigentum des Verk\u00e4ufers hiervon unber\u00fchrt.<br \/>\nDer K\u00e4ufer tritt hiermit bis zur v\u00f6lligen Tilgung aller Forderungen des Verk\u00e4ufers gegen ihn aus Warenlieferungen oder sonstigen Leistung die ihm aus der Ver\u00e4u\u00dferung entstehenden Forderungen in voller H\u00f6he mit allen Nebenrechten an diesen ab. Der K\u00e4ufer bleibt bis zum Einzug dieser Forderungen berechtigt, jedoch nur solange er seine Verpflichtungen gegen\u00fcber dem Verk\u00e4ufer erf\u00fcllt. Eingezogene Betr\u00e4ge hat er sofort abzuf\u00fchren, soweit die Forderungen des Verk\u00e4ufers\u00a0 f\u00e4llig sind. Auf Verlangen des K\u00e4ufers gibt der Verk\u00e4ufer die nach vorstehenden Bedingungen abgetretenen Forderungen frei, soweit ihr Betrag die zu sichernden Forderungen um mehr als 20% \u00fcbersteigt. Bei Beeintr\u00e4chtigungen der Eigentumsrechte des Verk\u00e4ufers durch Dritte, insbesondere bei Beschlagnahme oder Pf\u00e4ndung der Ware, hat der K\u00e4ufer gegen\u00fcber dem Verk\u00e4ufer unter \u00dcbersendung der ihm verf\u00fcgbaren Unterlagen (z.B. Pf\u00e4ndungsprotokoll) eine Benachrichtigungspflicht, und den Dritten auf die Eigentumsrechte des Verk\u00e4ufers hinzuweisen. Die durch die Rechtsbeeintr\u00e4chtigung entstehenden Kosten hat der K\u00e4ufer zu tragen. Auf Verlangen des Verk\u00e4ufers hat der K\u00e4ufer alle erforderlichen Ausk\u00fcnfte \u00fcber den Bestand der in dessen Eigentum stehenden Waren, \u00fcber den Standort der vermieteten Waren, und \u00fcber die gem\u00e4\u00df den vorstehenden Bestimmungen abgetretenen Forderungen zu geben, sowie seine Abnehmer vor der Abtretung in Kenntnis zu setzen. Solange der Eigentumsvorbehalt besteht, ist der K\u00e4ufer nicht berechtigt, die gelieferte Ware zu verpf\u00e4nden, sicherungszu\u00fcbereignen oder sonstwie au\u00dferhalb des ordnungsgem\u00e4\u00dfen Gesch\u00e4ftsgangs anderen Personen zu \u00fcberlassen. Der K\u00e4ufer ist zur sachgem\u00e4\u00dfen Lagerung der dem Verk\u00e4ufer geh\u00f6renden Ware und deren ordnungsgem\u00e4\u00dfer Versicherung verpflichtet.<\/p>\n<p><strong> 7. Widerrufsrecht<\/strong><\/p>\n<p><strong>7.1 R\u00fcckgabe-\/Widerrufsrecht f\u00fcr Verbrauchervertr\u00e4ge<br \/>\n<\/strong><\/p>\n<p>Wir gew\u00e4hren ausschlie\u00dflich f\u00fcr Rechtsgesch\u00e4fte, die eine nat\u00fcrliche Person zu Zwecken abschlie\u00dft, die in ihrer beruflichen T\u00e4tigkeit weder einer gewerblichen noch einer selbst\u00e4ndigen zugerechnet werden kann, das gesetzliche R\u00fcckgabe- bzw. Widerrufsrecht. Diese Kunden sind an Ihre Bestellung nicht mehr gebunden, wenn sie die Waren binnen einer Frist von 2 Wochen, nach Erhalt, an uns zur\u00fccksenden (ohne Angabe von Gr\u00fcnden und auf eigene Gefahr). Zur Fristwahrung gen\u00fcgt die rechtzeitige Absendung an:<\/p>\n<p><strong>ANFRATEC Hard- und Software Vertriebs GmbH i.L.<\/strong><br \/>\nBlechhammer 1<strong><br \/>\n<\/strong>98574 Schmalkalden<\/p>\n<p><strong>7.2 Ausschluss des R\u00fcckgabe\/Widerrufsrechts<\/strong><\/p>\n<p>Das R\u00fcckgaberecht besteht nicht bei versiegelter Ware wie:\u00a0 Audio-, Video-, Daten- und Tontr\u00e4ger, Software auf Datentr\u00e4gern aller Art, B\u00fccher, Batterien, Akkus sofern die versiegelte Verpackung ge\u00f6ffnet\/besch\u00e4digt wurde.Des Weiteren besteht kein R\u00fcckgaberecht f\u00fcr individuell konfigurierte PC-Systeme, f\u00fcr Produkte welche nach Kundenspezifikationen hergestellt bzw. beschafft wurden, f\u00fcr angepasste Hard- und Software, Dienstleistungen und Downloads. Kundenspezifische Zusammenstellungen von Soft- und Hardwareprodukten werden nicht einzeln zur\u00fcck genommen und k\u00f6nnen nur komplett zur\u00fcck gesendet\u00a0 werden.Software ist generell vom Umtausch und der R\u00fcckgabe ausgeschlossen!<\/p>\n<p><strong>7.3 R\u00fccknahmebedingungen\/Ersatzanspr\u00fcche<\/strong><\/p>\n<p>Bei der R\u00fcckgabe der Ware ist zu ber\u00fccksichtigen, dass sich die Ware im Originalzustand und in der unbesch\u00e4digten Original-\/ Verkaufsverpackung befindet. Bei wesentlichen Verschlechterungen der Ware wie Verschmutzung, Besch\u00e4digungen, besch\u00e4digter Verkaufsverpackung, besch\u00e4digter Dokumentation, unvollst\u00e4ndiger R\u00fcckgabe,\u00a0 behalten wir uns ausdr\u00fccklich vor Ersatz zu verlangen. Ebenfalls ist der Wert der Gebrauchs\u00fcberlassung bis zur R\u00fccksendung zu verg\u00fcten. Dies betrifft Verbrauchsmaterialien wie Tinte, Papier, Toner, Rohlinge, Datentr\u00e4ger, Medien, Batterien, Akkus, etc. die in Verbindung mit einer Ware von uns geliefert wurden.\u00a0 Dies kann die Verpflichtung des Kunden zur Zahlung des vollen Kaufpreises begr\u00fcnden. Ersatzanspr\u00fcche machen wir insbesondere bei Prozessoren, Speichermodulen, Festplatten, TFT- Monitoren und weiteren PC-Artikeln, mindestens in der H\u00f6he des Preisverfalls geltend, zumal diese einem st\u00e4ndigen Preisverfall unterliegen. Auf die tats\u00e4chliche Benutzung der Ware kommt es dabei nicht an. Ersatzanspr\u00fcche treffen den K\u00e4ufer nat\u00fcrlich auch bei Verlust der Ware, sofern dies nicht auf dem Wege des Versandes der Ware geschieht. Unfrei eingesandte R\u00fccksendungen werden nicht angenommen. Nach Eingang und Pr\u00fcfung der Ware erstellen wir dem Kunden eine entsprechende Gutschrift unter Bezugnahme auf unsere AGB. Der Kaufpreis wird von uns erstattet, sofern die Zahlung des Warenwertes bereits erfolgt ist.<\/p>\n<p><strong>7.4 Widerrufsfolgen<\/strong><\/p>\n<p>Im Falle eines wirksamen Widerrufs sind die beiderseits empfangenen Leistungen zur\u00fcckzugew\u00e4hren und gegebenenfalls gezogene Nutzungen (z.B. Zinsen) zu begleichen. Kann uns der Kunde die empfangene Leistung ganz oder teilweise nicht oder nur in verschlechtertem Zustand zur\u00fcckgew\u00e4hren, muss er uns einen dementsprechenden Wertersatz leisten. Bei der \u00dcberlassung von Sachen gilt dies nicht, wenn die Verschlechterung der Sache ausschlie\u00dflich auf deren Pr\u00fcfung &#8211; wie es etwa im Ladengesch\u00e4ft m\u00f6glich gewesen w\u00e4re &#8211; zur\u00fcckzuf\u00fchren ist. Paketversandf\u00e4hige Sachen sind auf eigene Gefahr zur\u00fcckzusenden. Der Kunde hat die Kosten der R\u00fccksendung zu tragen, wenn die gelieferte Ware der bestellten entspricht oder wenn der Kunde zum Zeitpunkt des Widerrufs noch nicht die Gegenleistung oder eine vertraglich vereinbarte Teilzahlung erbracht hat. Nicht paketversandf\u00e4hige Sachen werden bei der angegebenen\u00a0 Kundenadresse abgeholt. Verpflichtungen zur Erstattung von Zahlungen m\u00fcssen innerhalb von 30 Tagen erf\u00fcllt werden. Die Frist beginnt f\u00fcr den Kunden mit der Absendung der Widerrufserkl\u00e4rung oder des Kaufgegenstandes,\u00a0 f\u00fcr uns mit dem Empfang der entsprechenden Ware.<\/p>\n<p><strong> 8. Gew\u00e4hrleistung <\/strong><\/p>\n<p>Bei Artikeln, die als Gebrauchtware ausgewiesen sind, verj\u00e4hren die Anspr\u00fcche des Kunden wegen M\u00e4ngeln an der Sache in 3 Monaten ab \u00dcbergabe an den Kunden. Handelt der Kunde bei dem Kauf in Aus\u00fcbung seiner gewerblichen oder selbst\u00e4ndigen beruflichen T\u00e4tigkeit, so ist eine Haftung f\u00fcr Sachm\u00e4ngel beim Verkauf gebrauchter Sachen ausgeschlossen und beim Verkauf neuer Sachen auf ein Jahr begrenzt. Im \u00dcbrigen richten sich die Anspr\u00fcche des Kunden bei der Lieferung eines mangelhaften Produkts, (Gew\u00e4hrleistungsfall), nach den gesetzlichen Vorschriften soweit sich aus dem Nachstehenden nichts anderes ergibt. Gew\u00e4hrleistungsanspr\u00fcche sind ausgeschlossen, wenn der Kunde offensichtliche M\u00e4ngel nicht binnen 2 Wochen nach Empfang der Lieferung schriftlich anzeigt, wobei zur Fristwahrung die rechtzeitige Absendung gen\u00fcgt. Im kaufm\u00e4nnischen Gesch\u00e4ftsverkehr ist es erforderlich, dass der Kunde seinen Untersuchungs- und R\u00fcgeobliegenheiten ordnungsgem\u00e4\u00df nachgekommen ist. Der Ersatzanspruch f\u00fcr einen Schaden, der auf einer grob fahrl\u00e4ssigen Vertragsverletzung durch uns oder auf einer vors\u00e4tzlichen oder grob fahrl\u00e4ssigen Vertragsverletzung eines unserer gesetzlichen Vertreter oder Erf\u00fcllungsgehilfen beruht, wird durch diese Bestimmung nicht ausgeschlossen. Der Kunde wird darauf hingewiesen, dass kein Gew\u00e4hrleistungsfall vorliegt, wenn das Produkt bei Gefahr\u00fcbergang die vereinbarte Beschaffenheit hatte. Nicht von der Gew\u00e4hrleistung umfasst sind daher M\u00e4ngel und Sch\u00e4den, die in urs\u00e4chlichem Zusammenhang damit stehen, dass der Kunde die Vorschriften \u00fcber Installation, Hardware- und Softwareumgebung sowie Einsatz- und Einsatzbedingungen nicht eingehalten hat; es sei denn, der Kunde weist nach, dass diese Umst\u00e4nde nicht urs\u00e4chlich f\u00fcr den ger\u00fcgten Mangel sind. M\u00e4ngelanspr\u00fcche bestehen auch nicht bei nat\u00fcrlicher Abnutzung oder Verschlei\u00df. Werden vom Kunden oder von Dritten unsachgem\u00e4\u00df Instandsetzungsarbeiten oder \u00c4nderungen vorgenommen, bestehen f\u00fcr diese und die daraus entstehenden Folgen ebenfalls keine Haftungsanspr\u00fcche. Soweit ein Mangel der Lieferung oder Leistung vorliegt, kann der Kunde nach eigener Wahl Mangelbeseitigung oder Ersatzlieferung, (Nacherf\u00fcllung), verlangen. Ist die Mangelbeseitigung oder Ersatzlieferung f\u00fcr uns nur mit unverh\u00e4ltnism\u00e4\u00dfig hohen Kosten m\u00f6glich, beschr\u00e4nkt sich der Anspruch des Kunden auf die jeweils andere Art der Nacherf\u00fcllung. Weitergehende Rechte insbesondere die R\u00fcckg\u00e4ngigmachung des Kaufvertrages oder die Minderung des Kaufpreises k\u00f6nnen nur nach Ablauf einer angemessenen Frist zur Nacherf\u00fcllung oder nach zweimaligen Fehlschlagen der Nacherf\u00fcllung geltend gemacht werden. Sowohl im Fall der Reparatur als auch im Fall der Ersatzlieferung hat der Kunde das Produkt auf seine Kosten an uns einzusenden. Um eine m\u00f6glichst rasche Bearbeitung zu gew\u00e4hrleisten, sollte der R\u00fccksendung der Ware eine Kopie der Kaufrechnung bzw. des entsprechenden Lieferscheins und eine detaillierte Fehlerbeschreibung beigef\u00fcgt werden. Vor der Einsendung hat der Kunde von ihm eingef\u00fcgte Gegenst\u00e4nde (z.B. Speicherkarten) aus dem Produkt zu entfernen. Wir sind nicht verpflichtet, das Produkt auf den Einbau solcher Gegenst\u00e4nde zu untersuchen. F\u00fcr den Verlust solcher Gegenst\u00e4nde haften wir nicht, es sei denn, es war bei R\u00fccknahme des Produktes f\u00fcr uns ohne Weiteres erkennbar, dass ein solcher Gegenstand in das Produkt eingef\u00fcgt worden ist. Dar\u00fcber hinaus hat der Kunde, bevor er ein Produkt zur Reparatur oder zum Austausch einsendet, Sicherungskopien der auf dem Produkt befindlichen Systemsoftware, der Anwendungen und aller Daten auf einem separaten Datentr\u00e4ger zu erstellen und alle Passw\u00f6rter zu deaktivieren. Die Abtretung von Gew\u00e4hrleistungsanspr\u00fcchen an Dritte ist grunds\u00e4tzlich ausgeschlossen. Verkauft der Kunde die von uns gelieferten Artikel an Dritte, ist ihm untersagt, wegen der damit verbundenen gesetzlichen bzw. vertraglichen Gew\u00e4hrleistungsanspr\u00fcche auf uns zu verweisen. Die Abwicklung von unberechtigten Gew\u00e4hrleistungs- bzw. Garantieanspr\u00fcchen erfolgt &#8211; sofern diese auf Vorsatz oder grobe Fahrl\u00e4ssigkeit des Kunden zur\u00fcckzuf\u00fchren sind &#8211; vorbehaltlich einer Nachbelastung der uns dadurch entstandenen Aufwendungen. Wir behalten uns in diesen F\u00e4llen eine Weiterberechnung von Kostenpauschalen unserer Lieferanten vor.<\/p>\n<p><strong> 9. Abwicklung von Fremdgarantien <\/strong><\/p>\n<p>Soweit der Hersteller auf das verkaufte Produkt eine Garantie gew\u00e4hrt, ist dies ein freiwilliges Leistungsversprechen des Herstellers und stellt keine \u00dcbernahme einer Garantie durch uns dar. Herstellergarantien begr\u00fcnden daher f\u00fcr uns keinerlei Verpflichtung. Im Garantiefall ist der Kunde verpflichtet, auf seine Kosten die Anspr\u00fcche aus der Garantie gegen\u00fcber dem Hersteller geltend zu machen, wobei sich die Einzelheiten ausschlie\u00dflich aus dessen Garantiebedingungen ergeben. Wir erkl\u00e4ren uns jedoch bereits, gegen eine geringe Aufwandspauschale, die Garantieabwicklung mit dem Hersteller im Auftrag des Kunden durchzuf\u00fchren.Hierzu bedarf es jeweils eines gesonderten Auftrags\u00a0 des Kunden.<\/p>\n<p><strong> 10. Schadensersatz <\/strong><\/p>\n<p>Soweit sich nachstehend nichts anderes ergibt, sind \u00fcber die Gew\u00e4hrleistungsrechte hinausgehende Anspr\u00fcche des Kunden \u2013 gleich aus welchen Rechtsgr\u00fcnden \u2013 ausgeschlossen. Wir haften deshalb nicht f\u00fcr Sch\u00e4den, die nicht am Liefergegenstand selbst entstanden sind; insbesondere haften wir nicht f\u00fcr entgangenen Gewinn oder sonstige Verm\u00f6genssch\u00e4den des Kunden. Vorstehende Haftungsbefreiung gilt nicht, soweit die Schadensursache auf Vorsatz oder grober Fahrl\u00e4ssigkeit beruht oder sich unsere Ersatzpflicht aus dem Produkthaftungsgesetz ergibt. Sofern wir fahrl\u00e4ssig eine vertragwesentliche Pflicht verletzen, ist unsere Ersatzpflicht auf den vertragstypischen, vorhersehbaren Schaden begrenzt. Der Kunde wird auf die M\u00f6glichkeit von Datenverlust durch technisches Versagen und das daraus entstehende Erfordernis einer t\u00e4glichen Datensicherung ausdr\u00fccklich hingewiesen. Unsere Haftung f\u00fcr evtl. entstandene Datenverluste ist generell ausgeschlossen. Sch\u00e4den die durch Vireneinwirkung entstehen, werden nicht als Gew\u00e4hrleistungsfall anerkannt. Die Firma ANFRATEC Hard- und Software Vertriebs GmbH \u00e4ndert Informationen (Programme) auf den an uns \u00fcbergebenen Datentr\u00e4gern nur im Sinne des Auftrages welchen uns der Kunde schriftlich erteilt hat. Im Falle von Reparatur-, Update- und Aufr\u00fcstungsarbeiten best\u00e4tigt der Kunde, dass er f\u00fcr die installierten Programme die Lizenzen bzw. die Nutzungsrechte besitzt. F\u00fcr die aus Lizenzrechtsverletzungen evtl. entstehenden Anspr\u00fcche Dritter haftet der Kunde in voller H\u00f6he.<\/p>\n<p><strong> 11. Batterier\u00fccknahme \/ Entsorgung <\/strong><\/p>\n<p>Verbrauchte Batterien und Akkus d\u00fcrfen nicht \u00fcber den Hausm\u00fcll entsorgt werden. Jeder Verbraucher ist gesetzlich verpflichtet, Batterien und Akkus \u00fcber einen Vertreiber oder eine von den \u00f6ffentlich-rechtlichen Entsorgungstr\u00e4gern eingerichtete R\u00fccknahmestelle zu entsorgen. Batterien, die wir in unserem Sortiment f\u00fchren oder gef\u00fchrt haben bzw. die sich in von uns gelieferten Ger\u00e4ten befunden haben, k\u00f6nnen an uns zur\u00fcckgeschickt werden. Wir werden die Batterien dann einer ordnungsgem\u00e4\u00dfen Entsorgung zuf\u00fchren. Batterien oder Akkus, die Schadstoffe enthalten, sind mit dem Symbol einer durchgestrichenen M\u00fclltonne gekennzeichnet. In der N\u00e4he des M\u00fclltonnensymbols befindet sich die chemische Bezeichnung des Schadstoffes: Cd steht f\u00fcr Cadmium, Pb f\u00fcr Blei und Hg f\u00fcr Quecksilber.<\/p>\n<p><strong> 12. Software, Literatur <\/strong><\/p>\n<p>Bei Lieferung von Software bzw. Literatur wird \u00fcber die vorliegenden Gesch\u00e4ftsbedingungen hinaus auf die besonderen lizenzrechtlichen, urheberrechtlichen und sonstigen Bedingungen des Herstellers ausdr\u00fccklich hingewiesen.<\/p>\n<p><strong> 13. Datenschutz <\/strong><\/p>\n<p>Wenn der Kunde unseren Online-Shop besucht, bleibt seine Identit\u00e4t unbekannt. Er kann sich anonym unsere Leistungen ansehen und Produkte zum Kauf ausw\u00e4hlen. Nimmt er eine Bestellung vor, erkl\u00e4rt der Kunde sein Einverst\u00e4ndnis damit, dass wir die von ihm eingegebenen pers\u00f6nlichen Daten speichern, verarbeiten und dazu nutzen, die Bestellung auszuf\u00fchren. Sofern die Daten im Rahmen der zentralen Datenverarbeitung, zum Zwecke der Verbesserung des Kundenservice oder aus technischen Gr\u00fcnden von uns weiterverarbeitet werden, stellen wir durch geeignete Ma\u00dfnahmen sicher, dass die Datenschutzrechte des Kunden in vollem Umfang gewahrt bleiben.Der Kunde ist berechtigt, Auskunft \u00fcber Umfang und Zweck der Datenverarbeitung sowie Benennung weiterer Empf\u00e4nger der Daten zu verlangen, der Nutzung oder \u00dcbermittlung seiner Daten f\u00fcr Werbezwecke zu widersprechen sowie Berichtigung, Sperrung oder L\u00f6schung seiner gespeicherten pers\u00f6nlichen Daten zu verlangen.In diesem Zusammenhang verweisen wir auch auf unsere gesonderte Datenschutzerkl\u00e4rung.<strong><br \/>\n<\/strong><\/p>\n<p><strong> 14. Erf\u00fcllungsort, Gerichtsstand<\/strong><\/p>\n<p>F\u00fcr s\u00e4mtliche Anspr\u00fcche aus dem zwischen dem Kunden und uns bestehenden Vertragsverh\u00e4ltnis ist unser Firmensitz in Schmalkalden Erf\u00fcllungsort. Ist der Kunde Kaufmann, juristische Person des \u00f6ffentlichen Rechts oder \u00f6ffentlich-rechtliches Sonderverm\u00f6gen oder hat er seinen Sitz im Ausland, wird unser Firmensitz als ausschlie\u00dflicher Gerichtsstand f\u00fcr alle sich aus dem Vertragsverh\u00e4ltnis unmittelbar und mittelbar ergebenden Streitigkeiten vereinbart.<strong><br \/>\n<\/strong><\/p>\n<p><strong> 15. Anwendbares Recht, Wirksamkeit<\/strong><\/p>\n<p>Es gilt das Recht der Bundesrepublik Deutschland. Sollten eine oder mehrere der vorstehenden Bedingungen unwirksam sein oder werden oder eine oder mehrere Bedingungen nicht enthalten sein, bleiben die \u00fcbrigen Bedingungen hiervon unber\u00fchrt. Die Parteien sind in einem solchen Fall verpflichtet, eine unwirksame Bestimmung durch eine wirksame zu ersetzen, die dem wirtschaftlichen Zweck der unwirksamen Bestimmung am ehesten entspricht. Von den vorstehend genannten Bestimmungen abweichende oder zus\u00e4tzliche Vereinbarungen sind nur in Schriftform m\u00f6glich.<\/p>\n<p><strong>ANFRATEC Hard- und Software Vertriebs GmbH i.L.<\/strong><\/p>\n<p>Blechhammer 1<\/p>\n<p>98574 Schmalkalden<\/p>\n<p>Telefon: 03681 \u2013 69140<\/p>\n<p>Telefax: 03681 \u2013 691419<\/p>\n<p>Email: <a href=\"mailto:info@anfratec.de\">info@anfratec.de<\/a><\/p>\n<p><strong>Handelsregister:<\/strong><\/p>\n<p>HRB 302338<\/p>\n<p><strong>Amtsgericht:<\/strong> Jena<\/p>\n<p><strong>Liquidator: <\/strong><\/p>\n<p>Dipl.-Ing. Frank Engelmann<\/p>\n<p>UST-Nr: 171\/240\/00114<\/p>\n<p>UST-ID: DE 150923000<\/p>\n<p><strong>Bankverbindung: <\/strong><\/p>\n<p><strong>VR-Bank Salzungen Schmalkalden e.G. <\/strong><\/p>\n<p>Kontonummer: 3021947<\/p>\n<p>Bankleitzahl: 84094754<\/p>\n<p><strong>Rh\u00f6n-Rennsteig-Sparkasse<\/strong><\/p>\n<p>Kontonummer: 1505006577<\/p>\n<p>Bankleitzahl: 84050000<\/p>\n","protected":false},"excerpt":{"rendered":"<p>Allgemeine Gesch\u00e4ftsbedingungen der ANFRATEC Hard- und Software Vertriebs GmbH i.L. \u00a01. Geltungsbereich Diese Gesch\u00e4ftsbedingungen gelten f\u00fcr alle K\u00e4ufe die bei der Firma ANFRATEC Hard- und Software Vertriebs GmbH und in ihrem Onlineshop get\u00e4tigt werden. Abweichende Bedingungen des Kunden von unseren Gesch\u00e4ftsbedingungen erkennen wir nicht an, auch wenn wir diesen Bedingungen nicht ausdr\u00fccklich widersprechen. 2. Angebote, [&hellip;]<\/p>\n","protected":false},"author":1,"featured_media":0,"parent":0,"menu_order":0,"comment_status":"closed","ping_status":"closed","template":"","meta":{"footnotes":""},"class_list":["post-50","page","type-page","status-publish","hentry"],"_links":{"self":[{"href":"https:\/\/anfratec.de\/index.php?rest_route=\/wp\/v2\/pages\/50","targetHints":{"allow":["GET"]}}],"collection":[{"href":"https:\/\/anfratec.de\/index.php?rest_route=\/wp\/v2\/pages"}],"about":[{"href":"https:\/\/anfratec.de\/index.php?rest_route=\/wp\/v2\/types\/page"}],"author":[{"embeddable":true,"href":"https:\/\/anfratec.de\/index.php?rest_route=\/wp\/v2\/users\/1"}],"replies":[{"embeddable":true,"href":"https:\/\/anfratec.de\/index.php?rest_route=%2Fwp%2Fv2%2Fcomments&post=50"}],"version-history":[{"count":6,"href":"https:\/\/anfratec.de\/index.php?rest_route=\/wp\/v2\/pages\/50\/revisions"}],"predecessor-version":[{"id":465,"href":"https:\/\/anfratec.de\/index.php?rest_route=\/wp\/v2\/pages\/50\/revisions\/465"}],"wp:attachment":[{"href":"https:\/\/anfratec.de\/index.php?rest_route=%2Fwp%2Fv2%2Fmedia&parent=50"}],"curies":[{"name":"wp","href":"https:\/\/api.w.org\/{rel}","templated":true}]}}