{"id":315,"date":"2018-09-14T14:12:45","date_gmt":"2018-09-14T14:12:45","guid":{"rendered":"https:\/\/anfratec.de\/?page_id=315"},"modified":"2022-01-31T12:46:26","modified_gmt":"2022-01-31T12:46:26","slug":"home","status":"publish","type":"page","link":"https:\/\/anfratec.de\/","title":{"rendered":"Home"},"content":{"rendered":"<h2 style=\"text-align: center;\">Willkommen auf der Homepage der Firma ANFRATEC<\/h2>\n<p><img loading=\"lazy\" decoding=\"async\" class=\"wp-image-136 alignleft\" src=\"https:\/\/anfratec.de\/wp-content\/uploads\/2018\/09\/anfra32-300x245.jpg\" alt=\"\" width=\"357\" height=\"292\" srcset=\"https:\/\/anfratec.de\/wp-content\/uploads\/2018\/09\/anfra32-300x245.jpg 300w, https:\/\/anfratec.de\/wp-content\/uploads\/2018\/09\/anfra32.jpg 367w\" sizes=\"auto, (max-width: 357px) 100vw, 357px\" \/><\/p>\n<p>Die Firma Anfratec Hard- und Software GmbH Schmalkalden wurde als eigenst\u00e4ndiges Unternehmen am 29.02.1992 er\u00f6ffnet. Mit der Entstehung dieser Firma wurde der Zielsetzung des \u00fcbergeordneten Unternehmens Ankosoft Rechnung getragen, fl\u00e4chendeckend die fachliche Beratung und den kompetenten Service f\u00fcr private und gesch\u00e4ftliche Anwender von Computertechnik zu erweitern.<\/p>\n<p><img loading=\"lazy\" decoding=\"async\" class=\"alignright\" src=\"https:\/\/anfratec.de\/wp-content\/uploads\/2018\/09\/anfra31-300x244.jpg\" alt=\"\" width=\"335\" height=\"273\" \/><\/p>\n<p>Mit dem steigenden Bedarf an leistungsf\u00e4higer Computerperipherie wuchs auch der Bedarf der Kunden an speziellen Dienstleistungen. Dies umfasst den schnellen Vor-Ort-Service, die individuellen Anpassungen von einfachen Computerarbeitspl\u00e4tzen bis hin zur Einbindung kleiner und mittlerer Netzwerke in der Industrie.<\/p>\n<p><img loading=\"lazy\" decoding=\"async\" class=\"alignnone wp-image-144\" src=\"https:\/\/anfratec.de\/wp-content\/uploads\/2018\/09\/claim-300x59.png\" alt=\"\" width=\"325\" height=\"64\" srcset=\"https:\/\/anfratec.de\/wp-content\/uploads\/2018\/09\/claim-300x59.png 300w, https:\/\/anfratec.de\/wp-content\/uploads\/2018\/09\/claim.png 502w\" sizes=\"auto, (max-width: 325px) 100vw, 325px\" \/><\/p>\n","protected":false},"excerpt":{"rendered":"<p>Willkommen auf der Homepage der Firma ANFRATEC Die Firma Anfratec Hard- und Software GmbH Schmalkalden wurde als eigenst\u00e4ndiges Unternehmen am 29.02.1992 er\u00f6ffnet. Mit der Entstehung dieser Firma wurde der Zielsetzung des \u00fcbergeordneten Unternehmens Ankosoft Rechnung getragen, fl\u00e4chendeckend die fachliche Beratung und den kompetenten Service f\u00fcr private und gesch\u00e4ftliche Anwender von Computertechnik zu erweitern. Mit dem [&hellip;]<\/p>\n","protected":false},"author":1,"featured_media":0,"parent":0,"menu_order":0,"comment_status":"closed","ping_status":"closed","template":"","meta":{"footnotes":""},"class_list":["post-315","page","type-page","status-publish","hentry"],"_links":{"self":[{"href":"https:\/\/anfratec.de\/index.php?rest_route=\/wp\/v2\/pages\/315","targetHints":{"allow":["GET"]}}],"collection":[{"href":"https:\/\/anfratec.de\/index.php?rest_route=\/wp\/v2\/pages"}],"about":[{"href":"https:\/\/anfratec.de\/index.php?rest_route=\/wp\/v2\/types\/page"}],"author":[{"embeddable":true,"href":"https:\/\/anfratec.de\/index.php?rest_route=\/wp\/v2\/users\/1"}],"replies":[{"embeddable":true,"href":"https:\/\/anfratec.de\/index.php?rest_route=%2Fwp%2Fv2%2Fcomments&post=315"}],"version-history":[{"count":11,"href":"https:\/\/anfratec.de\/index.php?rest_route=\/wp\/v2\/pages\/315\/revisions"}],"predecessor-version":[{"id":412,"href":"https:\/\/anfratec.de\/index.php?rest_route=\/wp\/v2\/pages\/315\/revisions\/412"}],"wp:attachment":[{"href":"https:\/\/anfratec.de\/index.php?rest_route=%2Fwp%2Fv2%2Fmedia&parent=315"}],"curies":[{"name":"wp","href":"https:\/\/api.w.org\/{rel}","templated":true}]}}