{"id":312,"date":"2018-09-14T14:06:10","date_gmt":"2018-09-14T14:06:10","guid":{"rendered":"https:\/\/anfratec.de\/?page_id=312"},"modified":"2022-01-31T12:44:49","modified_gmt":"2022-01-31T12:44:49","slug":"reparaturen","status":"publish","type":"page","link":"https:\/\/anfratec.de\/?page_id=312","title":{"rendered":"Reparaturen"},"content":{"rendered":"<h2 style=\"text-align: center;\">umfassende Fehlersuche und schnellstm\u00f6gliche Reparatur<\/h2>\n<p>Servic<img loading=\"lazy\" decoding=\"async\" class=\"size-medium wp-image-263 alignleft\" src=\"https:\/\/anfratec.de\/wp-content\/uploads\/2018\/09\/Bild-320-300x212.jpg\" alt=\"\" width=\"300\" height=\"212\" srcset=\"https:\/\/anfratec.de\/wp-content\/uploads\/2018\/09\/Bild-320-300x212.jpg 300w, https:\/\/anfratec.de\/wp-content\/uploads\/2018\/09\/Bild-320-213x150.jpg 213w, https:\/\/anfratec.de\/wp-content\/uploads\/2018\/09\/Bild-320.jpg 367w\" sizes=\"auto, (max-width: 300px) 100vw, 300px\" \/>eleistungen und Reparaturen werden von uns schnell und f\u00fcr den Kunden unkompliziert ausgef\u00fchrt, in der Regel noch am selben Arbeitstag. Unsere Service-Werkstatt am Blechhammer 1 stellt dazu ausreichende Kapazit\u00e4ten bereit, sowohl material-technischer Art als auch in Bezug auf hochqualifiziertes Personal.<\/p>\n<p><img loading=\"lazy\" decoding=\"async\" class=\"size-medium wp-image-141 alignright\" src=\"https:\/\/anfratec.de\/wp-content\/uploads\/2018\/09\/anfra43-300x235.jpg\" alt=\"\" width=\"300\" height=\"235\" srcset=\"https:\/\/anfratec.de\/wp-content\/uploads\/2018\/09\/anfra43-300x235.jpg 300w, https:\/\/anfratec.de\/wp-content\/uploads\/2018\/09\/anfra43.jpg 367w\" sizes=\"auto, (max-width: 300px) 100vw, 300px\" \/><\/p>\n<p>Garantieleistungen werden kurzfristig bearbeitet und schnellstm\u00f6glich erledigt. Auf Wunsch kommt einer unserer Service-Techniker zum Kunden ins Haus. Firmenkunden werden generell vor Ort betreut. M\u00f6glichkeiten der vertraglichen Regelung unserer Serviceleistungen werden kundenspezifisch und je nach Art und Umfang der gew\u00fcnschten Leistungen angeboten.<\/p>\n<p><img loading=\"lazy\" decoding=\"async\" class=\"alignnone wp-image-144\" src=\"https:\/\/anfratec.de\/wp-content\/uploads\/2018\/09\/claim-300x59.png\" alt=\"\" width=\"381\" height=\"75\" srcset=\"https:\/\/anfratec.de\/wp-content\/uploads\/2018\/09\/claim-300x59.png 300w, https:\/\/anfratec.de\/wp-content\/uploads\/2018\/09\/claim.png 502w\" sizes=\"auto, (max-width: 381px) 100vw, 381px\" \/><\/p>\n","protected":false},"excerpt":{"rendered":"<p>umfassende Fehlersuche und schnellstm\u00f6gliche Reparatur Serviceleistungen und Reparaturen werden von uns schnell und f\u00fcr den Kunden unkompliziert ausgef\u00fchrt, in der Regel noch am selben Arbeitstag. Unsere Service-Werkstatt am Blechhammer 1 stellt dazu ausreichende Kapazit\u00e4ten bereit, sowohl material-technischer Art als auch in Bezug auf hochqualifiziertes Personal. Garantieleistungen werden kurzfristig bearbeitet und schnellstm\u00f6glich erledigt. Auf Wunsch kommt [&hellip;]<\/p>\n","protected":false},"author":1,"featured_media":0,"parent":74,"menu_order":0,"comment_status":"closed","ping_status":"closed","template":"","meta":{"footnotes":""},"class_list":["post-312","page","type-page","status-publish","hentry"],"_links":{"self":[{"href":"https:\/\/anfratec.de\/index.php?rest_route=\/wp\/v2\/pages\/312","targetHints":{"allow":["GET"]}}],"collection":[{"href":"https:\/\/anfratec.de\/index.php?rest_route=\/wp\/v2\/pages"}],"about":[{"href":"https:\/\/anfratec.de\/index.php?rest_route=\/wp\/v2\/types\/page"}],"author":[{"embeddable":true,"href":"https:\/\/anfratec.de\/index.php?rest_route=\/wp\/v2\/users\/1"}],"replies":[{"embeddable":true,"href":"https:\/\/anfratec.de\/index.php?rest_route=%2Fwp%2Fv2%2Fcomments&post=312"}],"version-history":[{"count":3,"href":"https:\/\/anfratec.de\/index.php?rest_route=\/wp\/v2\/pages\/312\/revisions"}],"predecessor-version":[{"id":411,"href":"https:\/\/anfratec.de\/index.php?rest_route=\/wp\/v2\/pages\/312\/revisions\/411"}],"up":[{"embeddable":true,"href":"https:\/\/anfratec.de\/index.php?rest_route=\/wp\/v2\/pages\/74"}],"wp:attachment":[{"href":"https:\/\/anfratec.de\/index.php?rest_route=%2Fwp%2Fv2%2Fmedia&parent=312"}],"curies":[{"name":"wp","href":"https:\/\/api.w.org\/{rel}","templated":true}]}}