{"id":310,"date":"2018-09-14T14:05:35","date_gmt":"2018-09-14T14:05:35","guid":{"rendered":"https:\/\/anfratec.de\/?page_id=310"},"modified":"2022-04-04T13:50:49","modified_gmt":"2022-04-04T13:50:49","slug":"aufruestungen","status":"publish","type":"page","link":"https:\/\/anfratec.de\/?page_id=310","title":{"rendered":"Aufr\u00fcstungen"},"content":{"rendered":"<h2 style=\"text-align: center;\">Auf- und Umr\u00fcstungen Ihres PCs nach Ihren W\u00fcnschen<\/h2>\n<p><img loading=\"lazy\" decoding=\"async\" class=\"size-medium wp-image-140 alignleft\" src=\"https:\/\/anfratec.de\/wp-content\/uploads\/2018\/09\/anfra39-300x226.jpg\" alt=\"\" width=\"300\" height=\"226\" srcset=\"https:\/\/anfratec.de\/wp-content\/uploads\/2018\/09\/anfra39-300x226.jpg 300w, https:\/\/anfratec.de\/wp-content\/uploads\/2018\/09\/anfra39.jpg 417w\" sizes=\"auto, (max-width: 300px) 100vw, 300px\" \/><\/p>\n<ul>\n<li>\u00a0st\u00e4ndig aktualisierte Hardwarepreise<\/li>\n<li>\u00a0Auswahl der Komponenten aus vorhandenen Austellungsmustern oder aus unserem umfangreichen Datenbank-Portfolio<\/li>\n<li>\u00a0Sofortige Angebotserstellung nach Ihren per\u00f6nlichen W\u00fcnschen mit Darstellung umfangreicher Artikeldaten<\/li>\n<\/ul>\n<ul>\n<li>Schnelle Ausf\u00fchrung der Um-und Aufr\u00fcstungsarbei<img loading=\"lazy\" decoding=\"async\" class=\"size-medium wp-image-229 alignright\" src=\"https:\/\/anfratec.de\/wp-content\/uploads\/2018\/09\/Bild-211-300x204.jpg\" alt=\"\" width=\"300\" height=\"204\" srcset=\"https:\/\/anfratec.de\/wp-content\/uploads\/2018\/09\/Bild-211-300x204.jpg 300w, https:\/\/anfratec.de\/wp-content\/uploads\/2018\/09\/Bild-211-221x150.jpg 221w, https:\/\/anfratec.de\/wp-content\/uploads\/2018\/09\/Bild-211.jpg 417w\" sizes=\"auto, (max-width: 300px) 100vw, 300px\" \/>ten da wir kurzfristig \u00fcber mehr als 10.000 Artikel verf\u00fcgen k\u00f6nnen<\/li>\n<\/ul>\n<ul>\n<li>Fertigstellung der Arbeiten meistens noch am gleichen Tag, bei Nachbestellungen von fehlenden Komponenten erfolgt die Fertigstellung am folgenden Tag<\/li>\n<\/ul>\n<p><img loading=\"lazy\" decoding=\"async\" class=\"alignnone wp-image-144\" src=\"https:\/\/anfratec.de\/wp-content\/uploads\/2018\/09\/claim-300x59.png\" alt=\"\" width=\"366\" height=\"72\" srcset=\"https:\/\/anfratec.de\/wp-content\/uploads\/2018\/09\/claim-300x59.png 300w, https:\/\/anfratec.de\/wp-content\/uploads\/2018\/09\/claim.png 502w\" sizes=\"auto, (max-width: 366px) 100vw, 366px\" \/><\/p>\n","protected":false},"excerpt":{"rendered":"<p>Auf- und Umr\u00fcstungen Ihres PCs nach Ihren W\u00fcnschen \u00a0st\u00e4ndig aktualisierte Hardwarepreise \u00a0Auswahl der Komponenten aus vorhandenen Austellungsmustern oder aus unserem umfangreichen Datenbank-Portfolio \u00a0Sofortige Angebotserstellung nach Ihren per\u00f6nlichen W\u00fcnschen mit Darstellung umfangreicher Artikeldaten Schnelle Ausf\u00fchrung der Um-und Aufr\u00fcstungsarbeiten da wir kurzfristig \u00fcber mehr als 10.000 Artikel verf\u00fcgen k\u00f6nnen Fertigstellung der Arbeiten meistens noch am gleichen Tag, [&hellip;]<\/p>\n","protected":false},"author":1,"featured_media":0,"parent":74,"menu_order":0,"comment_status":"closed","ping_status":"closed","template":"","meta":{"footnotes":""},"class_list":["post-310","page","type-page","status-publish","hentry"],"_links":{"self":[{"href":"https:\/\/anfratec.de\/index.php?rest_route=\/wp\/v2\/pages\/310","targetHints":{"allow":["GET"]}}],"collection":[{"href":"https:\/\/anfratec.de\/index.php?rest_route=\/wp\/v2\/pages"}],"about":[{"href":"https:\/\/anfratec.de\/index.php?rest_route=\/wp\/v2\/types\/page"}],"author":[{"embeddable":true,"href":"https:\/\/anfratec.de\/index.php?rest_route=\/wp\/v2\/users\/1"}],"replies":[{"embeddable":true,"href":"https:\/\/anfratec.de\/index.php?rest_route=%2Fwp%2Fv2%2Fcomments&post=310"}],"version-history":[{"count":11,"href":"https:\/\/anfratec.de\/index.php?rest_route=\/wp\/v2\/pages\/310\/revisions"}],"predecessor-version":[{"id":447,"href":"https:\/\/anfratec.de\/index.php?rest_route=\/wp\/v2\/pages\/310\/revisions\/447"}],"up":[{"embeddable":true,"href":"https:\/\/anfratec.de\/index.php?rest_route=\/wp\/v2\/pages\/74"}],"wp:attachment":[{"href":"https:\/\/anfratec.de\/index.php?rest_route=%2Fwp%2Fv2%2Fmedia&parent=310"}],"curies":[{"name":"wp","href":"https:\/\/api.w.org\/{rel}","templated":true}]}}