{"id":306,"date":"2018-09-14T13:48:34","date_gmt":"2018-09-14T13:48:34","guid":{"rendered":"https:\/\/anfratec.de\/?page_id=306"},"modified":"2022-01-31T12:40:35","modified_gmt":"2022-01-31T12:40:35","slug":"eigene-pc-fertigung","status":"publish","type":"page","link":"https:\/\/anfratec.de\/?page_id=306","title":{"rendered":"PC-Fertigung"},"content":{"rendered":"<h2 style=\"text-align: center;\">eigene PC-Fertigung mit Komponenten Ihrer Wahl<\/h2>\n<p>Wir <img loading=\"lazy\" decoding=\"async\" class=\"size-medium wp-image-228 alignleft\" src=\"https:\/\/anfratec.de\/wp-content\/uploads\/2018\/09\/Bild-205-300x204.jpg\" alt=\"\" width=\"300\" height=\"204\" srcset=\"https:\/\/anfratec.de\/wp-content\/uploads\/2018\/09\/Bild-205-300x204.jpg 300w, https:\/\/anfratec.de\/wp-content\/uploads\/2018\/09\/Bild-205-220x150.jpg 220w, https:\/\/anfratec.de\/wp-content\/uploads\/2018\/09\/Bild-205.jpg 367w\" sizes=\"auto, (max-width: 300px) 100vw, 300px\" \/>bieten allen Kunden die M\u00f6glichkeit einer umfassenden Beratung in unserem Ladengesch\u00e4ft am Blechhammer 1. Die sofortige Erstellung eines unverbindlichen und detaillierten Angebotes nach Kundenwunsch ist f\u00fcr uns kein Problem. Unsere Angebote sind 10 Tage g\u00fcltig und k\u00f6nnen telefonisch, per E-Mail oder Fax ge\u00e4ndert, best\u00e4tigt oder auf Wunsch auch komplett neu zusammengestellt werden. Die Konfiguration der PC-Systeme ist nicht vorgegeben und kann durch den Kunden selbst, unter fachlicher und kompetenter Beratung, frei bestimmt werden.<\/p>\n<p><strong>Die Vorteile: <\/strong><\/p>\n<p><img loading=\"lazy\" decoding=\"async\" class=\"size-medium wp-image-231 alignright\" src=\"https:\/\/anfratec.de\/wp-content\/uploads\/2018\/09\/Bild-221-300x241.jpg\" alt=\"\" width=\"300\" height=\"241\" srcset=\"https:\/\/anfratec.de\/wp-content\/uploads\/2018\/09\/Bild-221-300x241.jpg 300w, https:\/\/anfratec.de\/wp-content\/uploads\/2018\/09\/Bild-221-187x150.jpg 187w, https:\/\/anfratec.de\/wp-content\/uploads\/2018\/09\/Bild-221.jpg 417w\" sizes=\"auto, (max-width: 300px) 100vw, 300px\" \/><\/p>\n<p>1. Au\u00dferordentliche Flexibilit\u00e4t bei der Preisgestaltung bez\u00fcglich der Zusammenstellung der\u00a0 m\u00f6glichen Konfigurationen, da wir \u00fcber ein \u00fcberaus breites Angebot an Hard- und Softwarekomponenten verf\u00fcgen k\u00f6nnen.<br \/>\n2. Das konfigurierte\u00a0System beinhaltet nur das, was der Kunde tats\u00e4chlich f\u00fcr seinen Anwendungsfall ben\u00f6tigt, nicht mehr und nicht weniger.<\/p>\n<p><img loading=\"lazy\" decoding=\"async\" class=\"size-medium wp-image-140 alignleft\" src=\"https:\/\/anfratec.de\/wp-content\/uploads\/2018\/09\/anfra39-300x226.jpg\" alt=\"\" width=\"300\" height=\"226\" srcset=\"https:\/\/anfratec.de\/wp-content\/uploads\/2018\/09\/anfra39-300x226.jpg 300w, https:\/\/anfratec.de\/wp-content\/uploads\/2018\/09\/anfra39.jpg 417w\" sizes=\"auto, (max-width: 300px) 100vw, 300px\" \/><\/p>\n<p>Wir bieten nicht nur Beratung und Verkauf sondern auch die entsprechenden Service- und Dienstleistungen an. Die an unser Ladengesch\u00e4ft angebundene Servicewerkstatt bietet Leistungen wie Fehlerdiagnose, Reparaturen, Um- und Aufr\u00fcstungen sowie komplette Systeminstallationen an. Dabei ist es egal ob es sich um ein System aus eigener Produktion oder um ein System eines anderen Herstellers handelt. Partner der Hersteller erm\u00f6glichen es uns die Reparatur von Ger\u00e4ten, wie z.B. Drucker, Monitore, Notebooks und Mini-Pc`s, \u00fcber eine entsprechende Fachwerkstatt abzusichern, vorausgesetzt der Kunde erteilt uns daf\u00fcr einen entsprechenden Auftrag.<\/p>\n<p><img loading=\"lazy\" decoding=\"async\" class=\" wp-image-144 alignright\" src=\"https:\/\/anfratec.de\/wp-content\/uploads\/2018\/09\/claim-300x59.png\" alt=\"\" width=\"367\" height=\"72\" srcset=\"https:\/\/anfratec.de\/wp-content\/uploads\/2018\/09\/claim-300x59.png 300w, https:\/\/anfratec.de\/wp-content\/uploads\/2018\/09\/claim.png 502w\" sizes=\"auto, (max-width: 367px) 100vw, 367px\" \/><\/p>\n","protected":false},"excerpt":{"rendered":"<p>eigene PC-Fertigung mit Komponenten Ihrer Wahl Wir bieten allen Kunden die M\u00f6glichkeit einer umfassenden Beratung in unserem Ladengesch\u00e4ft am Blechhammer 1. Die sofortige Erstellung eines unverbindlichen und detaillierten Angebotes nach Kundenwunsch ist f\u00fcr uns kein Problem. Unsere Angebote sind 10 Tage g\u00fcltig und k\u00f6nnen telefonisch, per E-Mail oder Fax ge\u00e4ndert, best\u00e4tigt oder auf Wunsch auch [&hellip;]<\/p>\n","protected":false},"author":1,"featured_media":0,"parent":74,"menu_order":0,"comment_status":"closed","ping_status":"closed","template":"","meta":{"footnotes":""},"class_list":["post-306","page","type-page","status-publish","hentry"],"_links":{"self":[{"href":"https:\/\/anfratec.de\/index.php?rest_route=\/wp\/v2\/pages\/306","targetHints":{"allow":["GET"]}}],"collection":[{"href":"https:\/\/anfratec.de\/index.php?rest_route=\/wp\/v2\/pages"}],"about":[{"href":"https:\/\/anfratec.de\/index.php?rest_route=\/wp\/v2\/types\/page"}],"author":[{"embeddable":true,"href":"https:\/\/anfratec.de\/index.php?rest_route=\/wp\/v2\/users\/1"}],"replies":[{"embeddable":true,"href":"https:\/\/anfratec.de\/index.php?rest_route=%2Fwp%2Fv2%2Fcomments&post=306"}],"version-history":[{"count":4,"href":"https:\/\/anfratec.de\/index.php?rest_route=\/wp\/v2\/pages\/306\/revisions"}],"predecessor-version":[{"id":409,"href":"https:\/\/anfratec.de\/index.php?rest_route=\/wp\/v2\/pages\/306\/revisions\/409"}],"up":[{"embeddable":true,"href":"https:\/\/anfratec.de\/index.php?rest_route=\/wp\/v2\/pages\/74"}],"wp:attachment":[{"href":"https:\/\/anfratec.de\/index.php?rest_route=%2Fwp%2Fv2%2Fmedia&parent=306"}],"curies":[{"name":"wp","href":"https:\/\/api.w.org\/{rel}","templated":true}]}}